{"id":86,"date":"2012-07-13T23:17:22","date_gmt":"2012-07-13T21:17:22","guid":{"rendered":"http:\/\/rfk-nuernberg.de\/WordPress\/?page_id=86"},"modified":"2013-01-17T12:45:38","modified_gmt":"2013-01-17T11:45:38","slug":"hall-of-fame","status":"publish","type":"page","link":"http:\/\/rfk-nuernberg.de\/WordPress\/hall-of-fame\/","title":{"rendered":"Hall-of-Fame"},"content":{"rendered":"<p>Die legend\u00e4re <strong>Hall-of-Fame<\/strong> mit allen Endergebnissen von RUN Events.<\/p>\n<p>Die Endergebnisse der FUN Events werden nur durch Mund-zu-Mund-Propaganda vermittelt!<\/p>\n<blockquote><p>,,What happens in Vegas stays in Vegas&#8220;!&#8230;. \ud83d\ude09<\/p><\/blockquote>\n<p>Jedes RFK Mitglied, was Wert darauf legt seine Ergebnisse zu publizieren bekommt von mir einen Link zur selbst\u00e4ndigen Pflege \u00fcber die Google Docs. Also lasset h\u00f6ren&#8230;<\/p>\n<p>Euer<br \/>\n<em>h\u00b4joe<\/em><\/p>\n","protected":false},"excerpt":{"rendered":"<p>Die legend\u00e4re Hall-of-Fame mit allen Endergebnissen von RUN Events. Die Endergebnisse der FUN Events werden nur durch Mund-zu-Mund-Propaganda vermittelt! ,,What happens in Vegas stays in Vegas&#8220;!&#8230;. \ud83d\ude09 Jedes RFK Mitglied, was Wert darauf legt seine Ergebnisse zu publizieren bekommt von &hellip; <a href=\"http:\/\/rfk-nuernberg.de\/WordPress\/hall-of-fame\/\">Weiterlesen <span class=\"meta-nav\">&rarr;<\/span><\/a><\/p>\n","protected":false},"author":2,"featured_media":0,"parent":0,"menu_order":500,"comment_status":"closed","ping_status":"closed","template":"","meta":{"footnotes":""},"class_list":["post-86","page","type-page","status-publish","hentry"],"_links":{"self":[{"href":"http:\/\/rfk-nuernberg.de\/WordPress\/wp-json\/wp\/v2\/pages\/86","targetHints":{"allow":["GET"]}}],"collection":[{"href":"http:\/\/rfk-nuernberg.de\/WordPress\/wp-json\/wp\/v2\/pages"}],"about":[{"href":"http:\/\/rfk-nuernberg.de\/WordPress\/wp-json\/wp\/v2\/types\/page"}],"author":[{"embeddable":true,"href":"http:\/\/rfk-nuernberg.de\/WordPress\/wp-json\/wp\/v2\/users\/2"}],"replies":[{"embeddable":true,"href":"http:\/\/rfk-nuernberg.de\/WordPress\/wp-json\/wp\/v2\/comments?post=86"}],"version-history":[{"count":4,"href":"http:\/\/rfk-nuernberg.de\/WordPress\/wp-json\/wp\/v2\/pages\/86\/revisions"}],"predecessor-version":[{"id":456,"href":"http:\/\/rfk-nuernberg.de\/WordPress\/wp-json\/wp\/v2\/pages\/86\/revisions\/456"}],"wp:attachment":[{"href":"http:\/\/rfk-nuernberg.de\/WordPress\/wp-json\/wp\/v2\/media?parent=86"}],"curies":[{"name":"wp","href":"https:\/\/api.w.org\/{rel}","templated":true}]}}