{"id":8,"date":"2012-07-13T19:28:24","date_gmt":"2012-07-13T17:28:24","guid":{"rendered":"http:\/\/rfk-nuernberg.de\/WordPress\/?page_id=8"},"modified":"2012-07-16T17:12:11","modified_gmt":"2012-07-16T15:12:11","slug":"herzlich-willkommen-auf-unserer-homepage","status":"publish","type":"page","link":"http:\/\/rfk-nuernberg.de\/WordPress\/","title":{"rendered":"Herzlich willkommen auf unserer Homepage!"},"content":{"rendered":"<p>&nbsp;<\/p>\n<p><strong>\u201eA tim<\/strong><strong>e to stay friends\u201c &#8211;<\/strong><strong> <\/strong>getreu diesem Motto haben sich neun ehemalige Mitarbeiter des O<strong><\/strong>rganisationskomitees der FIFA Fussball-Weltmeisterschaft Deutschland 2006 Au\u00dfenstelle N\u00fcrnberg am 12. Dezember 2009 zusammengeschlossen und gr\u00fcndeten den nicht einge<strong><\/strong>tragenen Verein<\/p>\n<h2 style=\"text-align: center;\"><strong><\/strong><strong>&#8222;Run &amp; Fun Klub N\u00fcrnberg 09 n.e.V.&#8220;<\/strong><\/h2>\n<p style=\"text-align: left;\">Inzwischen z\u00e4hlt unser Klub stolze dreizehn Mitglieder und blickt bereits auf einige sch\u00f6ne &amp; emotionale Events zur\u00fcck. Egal ob in unserer \u201eHeimatstadt\u201c N\u00fcrnberg oder sonst\u00a0 irgendwo in Europa, verschrieben haben wir uns neben sportlichen Aktivit\u00e4ten in erster\u00a0 Linie der Geselligkeit. Wir wollen gemeinsam Spa\u00df haben und uns nie aus den Augen verli<strong><\/strong>eren &#8211; halt getreu dem Motto:<\/p>\n<p style=\"text-align: center;\"><strong><br \/>\n<\/strong><strong><a href=\"http:\/\/rfk-nuernberg.de\/WordPress\/wp-content\/uploads\/2012\/07\/Logo_076x1001.png\"><img loading=\"lazy\" decoding=\"async\" class=\"wp-image-11 aligncenter\" title=\"RFK Logo\" src=\"http:\/\/rfk-nuernberg.de\/WordPress\/wp-content\/uploads\/2012\/07\/Logo_076x1001.png\" alt=\"\" width=\"76\" height=\"100\" \/><\/a><\/strong><strong>\u201eA time to stay friends\u201c<\/strong><\/p>\n<p>&nbsp;<\/p>\n","protected":false},"excerpt":{"rendered":"<p>&nbsp; \u201eA time to stay friends\u201c &#8211; getreu diesem Motto haben sich neun ehemalige Mitarbeiter des Organisationskomitees der FIFA Fussball-Weltmeisterschaft Deutschland 2006 Au\u00dfenstelle N\u00fcrnberg am 12. Dezember 2009 zusammengeschlossen und gr\u00fcndeten den nicht eingetragenen Verein &#8222;Run &amp; Fun Klub N\u00fcrnberg &hellip; <a href=\"http:\/\/rfk-nuernberg.de\/WordPress\/\">Weiterlesen <span class=\"meta-nav\">&rarr;<\/span><\/a><\/p>\n","protected":false},"author":2,"featured_media":0,"parent":0,"menu_order":0,"comment_status":"closed","ping_status":"closed","template":"","meta":{"footnotes":""},"class_list":["post-8","page","type-page","status-publish","hentry"],"_links":{"self":[{"href":"http:\/\/rfk-nuernberg.de\/WordPress\/wp-json\/wp\/v2\/pages\/8","targetHints":{"allow":["GET"]}}],"collection":[{"href":"http:\/\/rfk-nuernberg.de\/WordPress\/wp-json\/wp\/v2\/pages"}],"about":[{"href":"http:\/\/rfk-nuernberg.de\/WordPress\/wp-json\/wp\/v2\/types\/page"}],"author":[{"embeddable":true,"href":"http:\/\/rfk-nuernberg.de\/WordPress\/wp-json\/wp\/v2\/users\/2"}],"replies":[{"embeddable":true,"href":"http:\/\/rfk-nuernberg.de\/WordPress\/wp-json\/wp\/v2\/comments?post=8"}],"version-history":[{"count":13,"href":"http:\/\/rfk-nuernberg.de\/WordPress\/wp-json\/wp\/v2\/pages\/8\/revisions"}],"predecessor-version":[{"id":309,"href":"http:\/\/rfk-nuernberg.de\/WordPress\/wp-json\/wp\/v2\/pages\/8\/revisions\/309"}],"wp:attachment":[{"href":"http:\/\/rfk-nuernberg.de\/WordPress\/wp-json\/wp\/v2\/media?parent=8"}],"curies":[{"name":"wp","href":"https:\/\/api.w.org\/{rel}","templated":true}]}}